{"id":3491,"date":"2023-02-07T02:16:32","date_gmt":"2023-02-07T02:16:32","guid":{"rendered":"https:\/\/demo.casethemes.net\/consultio-digital-marketing\/?page_id=3491"},"modified":"2023-10-09T16:12:56","modified_gmt":"2023-10-09T20:12:56","slug":"la-empresa","status":"publish","type":"page","link":"https:\/\/andesbtc.com\/index.php\/la-empresa\/","title":{"rendered":"La Empresa"},"content":{"rendered":"\t\t<div data-elementor-type=\"wp-page\" data-elementor-id=\"3491\" class=\"elementor elementor-3491\">\n\t\t\t\t\t\t<section class=\"elementor-section elementor-top-section elementor-element elementor-element-9108a46 elementor-section-boxed elementor-section-height-default elementor-section-height-default\" data-id=\"9108a46\" data-element_type=\"section\">\n\t\t\t\t\t\t<div class=\"elementor-container elementor-column-gap-default\">\n\t\t\t\t\t<div class=\"elementor-column elementor-col-100 elementor-top-column elementor-element elementor-element-21c8b0f\" data-id=\"21c8b0f\" data-element_type=\"column\">\n\t\t\t<div class=\"elementor-widget-wrap elementor-element-populated\">\n\t\t\t\t\t\t<div class=\"elementor-element elementor-element-8c0e001 elementor-widget elementor-widget-spacer\" data-id=\"8c0e001\" data-element_type=\"widget\" data-widget_type=\"spacer.default\">\n\t\t\t\t<div class=\"elementor-widget-container\">\n\t\t\t\t\t\t\t<div class=\"elementor-spacer\">\n\t\t\t<div class=\"elementor-spacer-inner\"><\/div>\n\t\t<\/div>\n\t\t\t\t\t\t<\/div>\n\t\t\t\t<\/div>\n\t\t\t\t\t<\/div>\n\t\t<\/div>\n\t\t\t\t\t<\/div>\n\t\t<\/section>\n\t\t\t\t<section class=\"elementor-section elementor-top-section elementor-element elementor-element-f9093cc elementor-section-boxed elementor-section-height-default elementor-section-height-default\" data-id=\"f9093cc\" data-element_type=\"section\">\n\t\t\t\t\t\t<div class=\"elementor-container elementor-column-gap-default\">\n\t\t\t\t\t<div class=\"elementor-column elementor-col-66 elementor-top-column elementor-element elementor-element-3e26522\" data-id=\"3e26522\" data-element_type=\"column\">\n\t\t\t<div class=\"elementor-widget-wrap elementor-element-populated\">\n\t\t\t\t\t\t<div class=\"elementor-element elementor-element-232da54 elementor-widget elementor-widget-image\" data-id=\"232da54\" data-element_type=\"widget\" data-widget_type=\"image.default\">\n\t\t\t\t<div class=\"elementor-widget-container\">\n\t\t\t\t\t\t\t\t\t\t\t\t\t\t\t<img decoding=\"async\" src=\"https:\/\/andesbtc.com\/wp-content\/uploads\/2023\/08\/LA-EMPRESA-IMAGEN-BTC-1.png\" title=\"LA EMPRESA IMAGEN BTC\" alt=\"LA EMPRESA IMAGEN BTC\" loading=\"lazy\" \/>\t\t\t\t\t\t\t\t\t\t\t\t\t\t\t<\/div>\n\t\t\t\t<\/div>\n\t\t\t\t\t<\/div>\n\t\t<\/div>\n\t\t\t\t<div class=\"elementor-column elementor-col-33 elementor-top-column elementor-element elementor-element-670b31f\" data-id=\"670b31f\" data-element_type=\"column\">\n\t\t\t<div class=\"elementor-widget-wrap elementor-element-populated\">\n\t\t\t\t\t\t<div class=\"elementor-element elementor-element-7ec9fb0 elementor-widget elementor-widget-text-editor\" data-id=\"7ec9fb0\" data-element_type=\"widget\" data-widget_type=\"text-editor.default\">\n\t\t\t\t<div class=\"elementor-widget-container\">\n\t\t\t\t\t\t\t\t\t<p><span style=\"font-weight: 400;\">Nuestro equipo de trabajo cuenta con m\u00e1s de 6 a\u00f1os de experiencia en el mundo de los mercados financieros, donde hemos logrado desarrollar e impartir un programa lo m\u00e1s pr\u00e1ctico y simple posible con un acompa\u00f1amiento 1:1 para nuestros participantes que les permita de una manera real poder usar las herramientas necesarias para emprender su carrera como Traders rentables dentro de este complejo mundo de los mercados financieros.<\/span><\/p>\t\t\t\t\t\t\t\t<\/div>\n\t\t\t\t<\/div>\n\t\t\t\t<div class=\"elementor-element elementor-element-c9a420f elementor-widget-tablet__width-initial elementor-widget elementor-widget-text-editor\" data-id=\"c9a420f\" data-element_type=\"widget\" data-widget_type=\"text-editor.default\">\n\t\t\t\t<div class=\"elementor-widget-container\">\n\t\t\t\t\t\t\t\t\t<p><span style=\"font-weight: 400;\">En este camino hemos logrado conseguir importantes alianzas, entre una de ellas, nuestro Br\u00f3ker de confianza Quantfury en \u00e9l cual podemos operar m\u00e1s de 5 mercados financieros distintos, desde nuestro pa\u00eds sin limitaciones de ning\u00fan tipo.\u00a0<\/span><\/p>\t\t\t\t\t\t\t\t<\/div>\n\t\t\t\t<\/div>\n\t\t\t\t<div class=\"elementor-element elementor-element-dff949c elementor-widget-tablet__width-initial elementor-widget elementor-widget-text-editor\" data-id=\"dff949c\" data-element_type=\"widget\" data-widget_type=\"text-editor.default\">\n\t\t\t\t<div class=\"elementor-widget-container\">\n\t\t\t\t\t\t\t\t\t<p><span style=\"font-weight: 400;\">Nos especializamos en la creaci\u00f3n de espacios para Trading Rooms y adiestramiento de equipos de trabajo particulares e institucionales que quieran desarrollarse de manera profesional como Traders exitosos.\u00a0<\/span><\/p>\t\t\t\t\t\t\t\t<\/div>\n\t\t\t\t<\/div>\n\t\t\t\t\t<\/div>\n\t\t<\/div>\n\t\t\t\t\t<\/div>\n\t\t<\/section>\n\t\t\t\t<section class=\"elementor-section elementor-top-section elementor-element elementor-element-4a5119b elementor-section-boxed elementor-section-height-default elementor-section-height-default\" data-id=\"4a5119b\" data-element_type=\"section\">\n\t\t\t\t\t\t<div class=\"elementor-container elementor-column-gap-default\">\n\t\t\t\t\t<div class=\"elementor-column elementor-col-100 elementor-top-column elementor-element elementor-element-978bb97\" data-id=\"978bb97\" data-element_type=\"column\">\n\t\t\t<div class=\"elementor-widget-wrap\">\n\t\t\t\t\t\t\t<\/div>\n\t\t<\/div>\n\t\t\t\t\t<\/div>\n\t\t<\/section>\n\t\t\t\t<section class=\"elementor-section elementor-top-section elementor-element elementor-element-2d76413c elementor-section-boxed elementor-section-height-default elementor-section-height-default\" data-id=\"2d76413c\" data-element_type=\"section\">\n\t\t\t\t\t\t<div class=\"elementor-container elementor-column-gap-extended\">\n\t\t\t\t\t<div class=\"elementor-column elementor-col-100 elementor-top-column elementor-element elementor-element-3f88cefe\" data-id=\"3f88cefe\" data-element_type=\"column\">\n\t\t\t<div class=\"elementor-widget-wrap\">\n\t\t\t\t\t\t\t<\/div>\n\t\t<\/div>\n\t\t\t\t\t<\/div>\n\t\t<\/section>\n\t\t\t\t<\/div>\n\t\t","protected":false},"excerpt":{"rendered":"<p>Andes BTC \/ Somos l\u00edderes en el occidente del pa\u00eds. Fue constituida para prestar servicios de formaci\u00f3n y asesoramiento en operaciones de inversi\u00f3n y trading en los principales mercados financieros del mundo, principalmente en el mercado financiero de criptomonedas, a trav\u00e9s de instrumentos derivados mediante plataformas aprobadas y reguladas a nivel internacional. Nuestro equipo de [&hellip;]<\/p>\n","protected":false},"author":1,"featured_media":0,"parent":0,"menu_order":0,"comment_status":"closed","ping_status":"closed","template":"","meta":{"footnotes":""},"class_list":["post-3491","page","type-page","status-publish","hentry"],"_links":{"self":[{"href":"https:\/\/andesbtc.com\/index.php\/wp-json\/wp\/v2\/pages\/3491","targetHints":{"allow":["GET"]}}],"collection":[{"href":"https:\/\/andesbtc.com\/index.php\/wp-json\/wp\/v2\/pages"}],"about":[{"href":"https:\/\/andesbtc.com\/index.php\/wp-json\/wp\/v2\/types\/page"}],"author":[{"embeddable":true,"href":"https:\/\/andesbtc.com\/index.php\/wp-json\/wp\/v2\/users\/1"}],"replies":[{"embeddable":true,"href":"https:\/\/andesbtc.com\/index.php\/wp-json\/wp\/v2\/comments?post=3491"}],"version-history":[{"count":218,"href":"https:\/\/andesbtc.com\/index.php\/wp-json\/wp\/v2\/pages\/3491\/revisions"}],"predecessor-version":[{"id":11017,"href":"https:\/\/andesbtc.com\/index.php\/wp-json\/wp\/v2\/pages\/3491\/revisions\/11017"}],"wp:attachment":[{"href":"https:\/\/andesbtc.com\/index.php\/wp-json\/wp\/v2\/media?parent=3491"}],"curies":[{"name":"wp","href":"https:\/\/api.w.org\/{rel}","templated":true}]}}